{"id":733,"date":"2014-09-22T16:08:17","date_gmt":"2014-09-22T16:08:17","guid":{"rendered":"https:\/\/maroon-cobra-681026.hostingersite.com\/blog\/?page_id=733"},"modified":"2025-12-05T12:22:35","modified_gmt":"2025-12-05T11:22:35","slug":"blog","status":"publish","type":"page","link":"https:\/\/fonvirtual.com\/blog\/","title":{"rendered":"Blog"},"content":{"rendered":"<p>[et_pb_section fb_built=\u00bb1&#8243; _builder_version=\u00bb4.16&#8243; min_height=\u00bb234.7px\u00bb custom_padding=\u00bb||22px|||\u00bb global_colors_info=\u00bb{}\u00bb][et_pb_row _builder_version=\u00bb4.16&#8243; min_height=\u00bb139.7px\u00bb global_colors_info=\u00bb{}\u00bb][et_pb_column type=\u00bb4_4&#8243; _builder_version=\u00bb4.16&#8243; custom_padding=\u00bb|||\u00bb global_colors_info=\u00bb{}\u00bb custom_padding__hover=\u00bb|||\u00bb][et_pb_text _builder_version=\u00bb4.21.0&#8243; global_colors_info=\u00bb{}\u00bb]<\/p>\n<h1 style=\"font-weight: 300; font-size: 50px; color: #f6343f; text-align: center;\">El Blog de Fonvirtual<\/h1>\n<p>[\/et_pb_text][et_pb_text _builder_version=\u00bb4.21.0&#8243; text_orientation=\u00bbcenter\u00bb global_colors_info=\u00bb{}\u00bb]<\/p>\n<h2 style=\"text-align: center;\"><span style=\"color: #999999;\">Todo lo que necesitas saber sobre el sector de las telecomunicaciones<\/span><\/h2>\n<p>[\/et_pb_text][\/et_pb_column][\/et_pb_row][\/et_pb_section][et_pb_section fb_built=\u00bb1&#8243; _builder_version=\u00bb4.21.0&#8243; _module_preset=\u00bbdefault\u00bb min_height=\u00bb121px\u00bb custom_padding=\u00bb||0px|||\u00bb global_colors_info=\u00bb{}\u00bb][et_pb_row _builder_version=\u00bb4.21.0&#8243; _module_preset=\u00bbdefault\u00bb min_height=\u00bb65px\u00bb custom_margin=\u00bb-12px|auto||auto||\u00bb custom_padding=\u00bb0px|||||\u00bb global_colors_info=\u00bb{}\u00bb][et_pb_column type=\u00bb4_4&#8243; _builder_version=\u00bb4.21.0&#8243; _module_preset=\u00bbdefault\u00bb global_colors_info=\u00bb{}\u00bb][et_pb_text _builder_version=\u00bb4.21.0&#8243; _module_preset=\u00bbdefault\u00bb width=\u00bb100%\u00bb global_colors_info=\u00bb{}\u00bb]<\/p>\n<h3 style=\"text-align: center;\">CATEGOR\u00cdAS<\/h3>\n<p>[\/et_pb_text][\/et_pb_column][\/et_pb_row][\/et_pb_section][et_pb_section fb_built=\u00bb1&#8243; _builder_version=\u00bb4.16&#8243; custom_margin=\u00bb-54px|||||\u00bb custom_padding=\u00bb31px||15px|||\u00bb global_colors_info=\u00bb{}\u00bb][et_pb_row column_structure=\u00bb1_6,1_6,1_6,1_6,1_6,1_6&#8243; _builder_version=\u00bb4.21.0&#8243; _module_preset=\u00bbdefault\u00bb min_height=\u00bb218.7px\u00bb custom_margin=\u00bb|auto|-163px|auto||\u00bb custom_padding=\u00bb||0px|||\u00bb global_colors_info=\u00bb{}\u00bb][et_pb_column type=\u00bb1_6&#8243; _builder_version=\u00bb4.21.0&#8243; _module_preset=\u00bbdefault\u00bb global_colors_info=\u00bb{}\u00bb][et_pb_image src=\u00bbhttps:\/\/fonvirtual.com\/blog\/wp-content\/uploads\/El-texto-del-parrafo-5.jpg\u00bb alt=\u00bbajustes\u00bb title_text=\u00bbajustes\u00bb url=\u00bbhttps:\/\/fonvirtual.com\/blog\/categoria\/tecnologia\/\u00bb admin_label=\u00bbajustes\u00bb module_id=\u00bbajustes\u00bb module_class=\u00bbajustes\u00bb _builder_version=\u00bb4.24.0&#8243; _module_preset=\u00bbdefault\u00bb width=\u00bb65%\u00bb width_tablet=\u00bb65%\u00bb width_phone=\u00bb40%\u00bb width_last_edited=\u00bbon|phone\u00bb max_width=\u00bb100%\u00bb module_alignment=\u00bbcenter\u00bb border_radii=\u00bbon|500px|500px|500px|500px\u00bb box_shadow_style=\u00bbpreset1&#8243; global_colors_info=\u00bb{}\u00bb][\/et_pb_image][et_pb_text _builder_version=\u00bb4.23.1&#8243; _module_preset=\u00bbdefault\u00bb text_text_color=\u00bbrgba(119,119,119,0.69)\u00bb text_font_size=\u00bb12px\u00bb link_option_url=\u00bbhttps:\/\/fonvirtual.com\/blog\/categoria\/tecnologia\/\u00bb global_colors_info=\u00bb{}\u00bb]<\/p>\n<p style=\"text-align: center;\"><strong>TECNOLOG\u00cdA<\/strong><\/p>\n<p>[\/et_pb_text][\/et_pb_column][et_pb_column type=\u00bb1_6&#8243; _builder_version=\u00bb4.21.0&#8243; _module_preset=\u00bbdefault\u00bb global_colors_info=\u00bb{}\u00bb][et_pb_image src=\u00bbhttps:\/\/fonvirtual.com\/blog\/wp-content\/uploads\/El-texto-del-parrafo-6.jpg\u00bb alt=\u00bbcomunicacion-profesional\u00bb title_text=\u00bbEl texto del p\u00e1rrafo (6)\u00bb url=\u00bbhttps:\/\/fonvirtual.com\/blog\/categoria\/comunicaciones-profesionales\/\u00bb module_id=\u00bbcomunicacion-profesional\u00bb module_class=\u00bbcomunicacion-profesional\u00bb _builder_version=\u00bb4.24.0&#8243; _module_preset=\u00bbdefault\u00bb width=\u00bb65%\u00bb width_tablet=\u00bb65%\u00bb width_phone=\u00bb40%\u00bb width_last_edited=\u00bbon|phone\u00bb max_width=\u00bb100%\u00bb module_alignment=\u00bbcenter\u00bb border_radii=\u00bbon|500px|500px|500px|500px\u00bb box_shadow_style=\u00bbpreset1&#8243; global_colors_info=\u00bb{}\u00bb][\/et_pb_image][et_pb_text _builder_version=\u00bb4.23.1&#8243; _module_preset=\u00bbdefault\u00bb text_text_color=\u00bbrgba(119,119,119,0.69)\u00bb text_font_size=\u00bb12px\u00bb link_option_url=\u00bbhttps:\/\/fonvirtual.com\/blog\/categoria\/comunicaciones-profesionales\/\u00bb global_colors_info=\u00bb{}\u00bb]<\/p>\n<p style=\"text-align: center;\"><strong>COMUNICACIONES PROFESIONALES<\/strong><\/p>\n<p>[\/et_pb_text][\/et_pb_column][et_pb_column type=\u00bb1_6&#8243; _builder_version=\u00bb4.21.0&#8243; _module_preset=\u00bbdefault\u00bb global_colors_info=\u00bb{}\u00bb][et_pb_image src=\u00bbhttps:\/\/fonvirtual.com\/blog\/wp-content\/uploads\/El-texto-del-parrafo-3-1.jpg\u00bb alt=\u00bbajustes-lupa\u00bb title_text=\u00bbajustes-lupa\u00bb url=\u00bbhttps:\/\/fonvirtual.com\/blog\/categoria\/funcionalidades\/\u00bb module_id=\u00bbajustes-lupa\u00bb module_class=\u00bbajustes-lupa\u00bb _builder_version=\u00bb4.24.0&#8243; _module_preset=\u00bbdefault\u00bb width=\u00bb65%\u00bb width_tablet=\u00bb65%\u00bb width_phone=\u00bb40%\u00bb width_last_edited=\u00bbon|phone\u00bb max_width=\u00bb100%\u00bb module_alignment=\u00bbcenter\u00bb border_radii=\u00bbon|500px|500px|500px|500px\u00bb box_shadow_style=\u00bbpreset1&#8243; global_colors_info=\u00bb{}\u00bb][\/et_pb_image][et_pb_text _builder_version=\u00bb4.23.1&#8243; _module_preset=\u00bbdefault\u00bb text_text_color=\u00bbrgba(119,119,119,0.69)\u00bb text_font_size=\u00bb12px\u00bb link_option_url=\u00bbhttps:\/\/fonvirtual.com\/blog\/categoria\/funcionalidades\/\u00bb global_colors_info=\u00bb{}\u00bb]<\/p>\n<p style=\"text-align: center;\"><strong>FUNCIONALIDADES<\/strong><\/p>\n<p>[\/et_pb_text][\/et_pb_column][et_pb_column type=\u00bb1_6&#8243; _builder_version=\u00bb4.21.0&#8243; _module_preset=\u00bbdefault\u00bb global_colors_info=\u00bb{}\u00bb][et_pb_image src=\u00bbhttps:\/\/fonvirtual.com\/blog\/wp-content\/uploads\/El-texto-del-parrafo-7.jpg\u00bb alt=\u00bbrobot-ia\u00bb title_text=\u00bbrobot-ia\u00bb url=\u00bbhttps:\/\/fonvirtual.com\/blog\/categoria\/inteligencia-artificial\/\u00bb admin_label=\u00bbrobot-ia\u00bb module_id=\u00bbrobot-ia\u00bb module_class=\u00bbrobot-ia\u00bb _builder_version=\u00bb4.24.0&#8243; _module_preset=\u00bbdefault\u00bb width=\u00bb65%\u00bb width_tablet=\u00bb65%\u00bb width_phone=\u00bb40%\u00bb width_last_edited=\u00bbon|phone\u00bb max_width=\u00bb100%\u00bb module_alignment=\u00bbcenter\u00bb border_radii=\u00bbon|500px|500px|500px|500px\u00bb box_shadow_style=\u00bbpreset1&#8243; global_colors_info=\u00bb{}\u00bb][\/et_pb_image][et_pb_text _builder_version=\u00bb4.23.1&#8243; _module_preset=\u00bbdefault\u00bb text_text_color=\u00bbrgba(119,119,119,0.69)\u00bb text_font_size=\u00bb12px\u00bb link_option_url=\u00bbhttps:\/\/fonvirtual.com\/blog\/categoria\/inteligencia-artificial\/\u00bb global_colors_info=\u00bb{}\u00bb]<\/p>\n<p style=\"text-align: center;\"><strong>INTELIGENCIA ARTIFICIAL<\/strong><\/p>\n<p>[\/et_pb_text][\/et_pb_column][et_pb_column type=\u00bb1_6&#8243; _builder_version=\u00bb4.21.0&#8243; _module_preset=\u00bbdefault\u00bb global_colors_info=\u00bb{}\u00bb][et_pb_image src=\u00bbhttps:\/\/fonvirtual.com\/blog\/wp-content\/uploads\/El-texto-del-parrafo-8.jpg\u00bb alt=\u00bbtecnologia-call-center\u00bb title_text=\u00bbtecnologia-call-center\u00bb url=\u00bbhttps:\/\/fonvirtual.com\/blog\/categoria\/tecnologia-call-center\/\u00bb module_id=\u00bbtecnologia-call-center\u00bb module_class=\u00bbtecnologia-call-center\u00bb _builder_version=\u00bb4.24.0&#8243; _module_preset=\u00bbdefault\u00bb width=\u00bb65%\u00bb width_tablet=\u00bb65%\u00bb width_phone=\u00bb40%\u00bb width_last_edited=\u00bbon|phone\u00bb max_width=\u00bb100%\u00bb module_alignment=\u00bbcenter\u00bb border_radii=\u00bbon|500px|500px|500px|500px\u00bb box_shadow_style=\u00bbpreset1&#8243; global_colors_info=\u00bb{}\u00bb][\/et_pb_image][et_pb_text _builder_version=\u00bb4.23.1&#8243; _module_preset=\u00bbdefault\u00bb text_text_color=\u00bbrgba(119,119,119,0.69)\u00bb text_font_size=\u00bb12px\u00bb link_option_url=\u00bbhttps:\/\/fonvirtual.com\/blog\/categoria\/tecnologia-call-center\/\u00bb global_colors_info=\u00bb{}\u00bb]<\/p>\n<p style=\"text-align: center;\"><strong>TECNOLOG\u00cdA PARA CALL CENTER<\/strong><\/p>\n<p>[\/et_pb_text][\/et_pb_column][et_pb_column type=\u00bb1_6&#8243; _builder_version=\u00bb4.21.0&#8243; _module_preset=\u00bbdefault\u00bb global_colors_info=\u00bb{}\u00bb][et_pb_image src=\u00bbhttps:\/\/fonvirtual.com\/blog\/wp-content\/uploads\/El-texto-del-parrafo-4-1.jpg\u00bb alt=\u00bbcanales\u00bb title_text=\u00bbcanales\u00bb url=\u00bbhttps:\/\/fonvirtual.com\/blog\/categoria\/canales\/\u00bb admin_label=\u00bbcanales\u00bb module_id=\u00bbcanales\u00bb module_class=\u00bbcanales\u00bb _builder_version=\u00bb4.24.0&#8243; _module_preset=\u00bbdefault\u00bb width=\u00bb65%\u00bb width_tablet=\u00bb65%\u00bb width_phone=\u00bb40%\u00bb width_last_edited=\u00bbon|phone\u00bb max_width=\u00bb100%\u00bb module_alignment=\u00bbcenter\u00bb border_radii=\u00bbon|500px|500px|500px|500px\u00bb box_shadow_style=\u00bbpreset1&#8243; global_colors_info=\u00bb{}\u00bb][\/et_pb_image][et_pb_text _builder_version=\u00bb4.23.1&#8243; _module_preset=\u00bbdefault\u00bb text_text_color=\u00bbrgba(119,119,119,0.69)\u00bb text_font_size=\u00bb12px\u00bb link_option_url=\u00bbhttps:\/\/fonvirtual.com\/blog\/categoria\/canales\/\u00bb global_colors_info=\u00bb{}\u00bb]<\/p>\n<p style=\"text-align: center;\"><strong>CANALES<\/strong><\/p>\n<p>[\/et_pb_text][\/et_pb_column][\/et_pb_row][et_pb_row _builder_version=\u00bb4.21.0&#8243; _module_preset=\u00bbdefault\u00bb min_height=\u00bb1014px\u00bb custom_margin=\u00bb214px|auto|-63px|auto||\u00bb custom_padding=\u00bb0px|||||\u00bb global_colors_info=\u00bb{}\u00bb][et_pb_column type=\u00bb4_4&#8243; _builder_version=\u00bb4.21.0&#8243; _module_preset=\u00bbdefault\u00bb global_colors_info=\u00bb{}\u00bb][et_pb_text _builder_version=\u00bb4.21.0&#8243; _module_preset=\u00bbdefault\u00bb global_colors_info=\u00bb{}\u00bb]<\/p>\n<h3 style=\"text-align: center;\">ART\u00cdCULOS DESTACADOS<\/h3>\n<p>[\/et_pb_text][et_pb_blog fullwidth=\u00bboff\u00bb posts_number=\u00bb6&#8243; include_categories=\u00bb1&#8243; use_manual_excerpt=\u00bboff\u00bb excerpt_length=\u00bb0&#8243; show_more=\u00bbon\u00bb show_author=\u00bboff\u00bb show_categories=\u00bboff\u00bb show_excerpt=\u00bboff\u00bb masonry_tile_background_color=\u00bb#ffffff\u00bb _builder_version=\u00bb4.27.4&#8243; header_font=\u00bb|600|||||||\u00bb header_text_align=\u00bbleft\u00bb header_font_size=\u00bb16px\u00bb body_font=\u00bb||||||||\u00bb body_text_align=\u00bbleft\u00bb read_more_font=\u00bb||on|||on|||\u00bb read_more_font_size=\u00bb18px\u00bb pagination_text_align=\u00bbcenter\u00bb pagination_font_size=\u00bb12px\u00bb text_orientation=\u00bbleft\u00bb min_height=\u00bb846.2px\u00bb hover_transition_duration=\u00bb0ms\u00bb hover_transition_speed_curve=\u00bblinear\u00bb border_radii=\u00bbon|10px|10px|10px|10px\u00bb border_width_all=\u00bb0px\u00bb border_color_all_image=\u00bbRGBA(255,255,255,0)\u00bb box_shadow_style=\u00bbpreset1&#8243; box_shadow_spread=\u00bb-9px\u00bb global_colors_info=\u00bb{}\u00bb border_radii_image__hover_enabled=\u00bboff|desktop\u00bb][\/et_pb_blog][\/et_pb_column][\/et_pb_row][et_pb_row _builder_version=\u00bb4.27.4&#8243; custom_margin=\u00bb1px|auto||auto||\u00bb custom_padding=\u00bb||0px|||\u00bb hover_enabled=\u00bb0&#8243; global_colors_info=\u00bb{}\u00bb sticky_enabled=\u00bb0&#8243;][et_pb_column type=\u00bb4_4&#8243; _builder_version=\u00bb4.16&#8243; custom_padding=\u00bb|||\u00bb global_colors_info=\u00bb{}\u00bb custom_padding__hover=\u00bb|||\u00bb][et_pb_text _builder_version=\u00bb4.27.4&#8243; text_text_color=\u00bb#f6343f\u00bb min_height=\u00bb25px\u00bb custom_padding=\u00bb||15px|||\u00bb global_colors_info=\u00bb{}\u00bb]<\/p>\n<h3 style=\"text-align: center;\">ART\u00cdCULOS RECIENTES<\/h3>\n<p>[\/et_pb_text][et_pb_blog fullwidth=\u00bboff\u00bb posts_number=\u00bb9&#8243; include_categories=\u00bball\u00bb use_manual_excerpt=\u00bboff\u00bb excerpt_length=\u00bb0&#8243; show_more=\u00bbon\u00bb show_author=\u00bboff\u00bb show_categories=\u00bboff\u00bb show_excerpt=\u00bboff\u00bb masonry_tile_background_color=\u00bb#ffffff\u00bb _builder_version=\u00bb4.27.4&#8243; header_font=\u00bb|600|||||||\u00bb header_text_align=\u00bbleft\u00bb header_font_size=\u00bb16px\u00bb body_font=\u00bb||||||||\u00bb body_text_align=\u00bbleft\u00bb read_more_font=\u00bb||on|||on|||\u00bb read_more_font_size=\u00bb18px\u00bb pagination_text_align=\u00bbcenter\u00bb pagination_font_size=\u00bb12px\u00bb text_orientation=\u00bbleft\u00bb min_height=\u00bb469.2px\u00bb custom_padding=\u00bb||0px|||\u00bb hover_transition_duration=\u00bb0ms\u00bb hover_transition_speed_curve=\u00bblinear\u00bb hover_enabled=\u00bb0&#8243; border_radii=\u00bbon|10px|10px|10px|10px\u00bb border_width_all=\u00bb0px\u00bb box_shadow_style=\u00bbpreset1&#8243; box_shadow_spread=\u00bb-9px\u00bb global_colors_info=\u00bb{}\u00bb border_radii_image__hover_enabled=\u00bboff|desktop\u00bb sticky_enabled=\u00bb0&#8243;][\/et_pb_blog][et_pb_code _builder_version=\u00bb4.27.4&#8243; _module_preset=\u00bbdefault\u00bb global_colors_info=\u00bb{}\u00bb]<a href=\"javascript: void(0)\" class=\"floating-button\" onClick=\"dialogaCS( 'D_7_c59e2b99-4260-4733-a4e9-2b80898b565f');if (typeof __gaTracker === 'function') {__gaTracker('send', 'event', 'widget-click', 'click');}\"><img decoding=\"async\" src=\"https:\/\/fonvirtual.com\/blog\/wp-content\/uploads\/click_to_call_bot.png\"alt=\"botonllamada\" \/><\/a>\r\n\r\n<a href=\"javascript: void(0)\" class=\"floating-button2\" onClick=\"dialogaCS( 'D_7_74e5bf73-fab4-474a-8acc-1aad6e070c35');if (typeof __gaTracker === 'function') {__gaTracker('send', 'event', 'widget-click', 'click');}\"><img decoding=\"async\" src=\"https:\/\/fonvirtual.com\/blog\/wp-content\/uploads\/click_to_chat_bot.png\" alt=\"botonchat\" \/><\/a>\r\n\r\n<div class=\"barrainferior2\">\r\n    <a href=\"https:\/\/api.whatsapp.com\/send?phone=+34914891046&text=Hola Fonvirtual\" target=\"_blank\">\r\n        <img decoding=\"async\" src=\"https:\/\/fonvirtual.com\/blog\/wp-content\/uploads\/click_to_whatsapp_bot-e1704717823235.png\" alt=\"Whatsapp\">\r\n    <\/a>\r\n<\/div>\r\n\r\n<div class=\"barrainferior\">\r\n    <a href=\"tel:+34900533075\" target=\"_blank\">\r\n        <img decoding=\"async\" src=\"https:\/\/fonvirtual.com\/blog\/wp-content\/uploads\/click_to_call_bot.png\" alt=\"Click to Call\">\r\n    <\/a>\r\n<\/div>\r\n\r\n\r\n<script> window.DIALOGA_WIDGET_OPTIONS = { ihfdic: 'd184603c-5b97-487d-affc-01b81902f75c' }; <\/script>\r\n\r\n<script id='parthenon-script' src='https:\/\/widget.parthenon.io\/js\/v6\/parthenon.widget.js?wid=D_7_74e5bf73-fab4-474a-8acc-1aad6e070c35&D_7_c59e2b99-4260-4733-a4e9-2b80898b565f&D_7_d132fc29-acc6-42a9-be4d-01b52e924d16&M_7_ec40de57-6857-4830-af85-0a12577cc98a&M_7_203a78ae-2914-457b-a764-0e0fa8a5f132&M_7_ecbed2dc-e242-48fb-b154-aa0e1f8234a2&T_7_74e5bf73-fab4-474a-8acc-1aad6e070c35&T_7_c59e2b99-4260-4733-a4e9-2b80898b565f&T_7_d132fc29-acc6-42a9-be4d-01b52e924d16' type='text\/javascript'><\/script> [\/et_pb_code][\/et_pb_column][\/et_pb_row][\/et_pb_section]<\/p>\n","protected":false},"excerpt":{"rendered":"<p>El Blog de FonvirtualTodo lo que necesitas saber sobre el sector de las telecomunicacionesCATEGOR\u00cdASTECNOLOG\u00cdACOMUNICACIONES PROFESIONALESFUNCIONALIDADESINTELIGENCIA ARTIFICIALTECNOLOG\u00cdA PARA CALL CENTERCANALESART\u00cdCULOS DESTACADOSART\u00cdCULOS RECIENTES<a href=\"javascript: void(0)\" class=\"floating-button\" onClick=\"dialogaCS( 'D_7_c59e2b99-4260-4733-a4e9-2b80898b565f');if (typeof __gaTracker === 'function') {__gaTracker('send', 'event', 'widget-click', 'click');}\"><img decoding=\"async\" src=\"https:\/\/fonvirtual.com\/blog\/wp-content\/uploads\/click_to_call_bot.png\"alt=\"botonllamada\" \/><\/a>\r\n\r\n<a href=\"javascript: void(0)\" class=\"floating-button2\" onClick=\"dialogaCS( 'D_7_74e5bf73-fab4-474a-8acc-1aad6e070c35');if (typeof __gaTracker === 'function') {__gaTracker('send', 'event', 'widget-click', 'click');}\"><img decoding=\"async\" src=\"https:\/\/fonvirtual.com\/blog\/wp-content\/uploads\/click_to_chat_bot.png\" alt=\"botonchat\" \/><\/a>\r\n\r\n<div class=\"barrainferior2\">\r\n    <a href=\"https:\/\/api.whatsapp.com\/send?phone=+34914891046&text=Hola Fonvirtual\" target=\"_blank\">\r\n        <img decoding=\"async\" src=\"https:\/\/fonvirtual.com\/blog\/wp-content\/uploads\/click_to_whatsapp_bot-e1704717823235.png\" alt=\"Whatsapp\">\r\n    <\/a>\r\n<\/div>\r\n\r\n<div class=\"barrainferior\">\r\n    <a href=\"tel:+34900533075\" target=\"_blank\">\r\n        <img decoding=\"async\" src=\"https:\/\/fonvirtual.com\/blog\/wp-content\/uploads\/click_to_call_bot.png\" alt=\"Click to Call\">\r\n    <\/a>\r\n<\/div>\r\n\r\n\r\n<script> window.DIALOGA_WIDGET_OPTIONS = { ihfdic: 'd184603c-5b97-487d-affc-01b81902f75c' }; <\/script>\r\n\r\n<script id='parthenon-script' src='https:\/\/widget.parthenon.io\/js\/v6\/parthenon.widget.js?wid=D_7_74e5bf73-fab4-474a-8acc-1aad6e070c35&D_7_c59e2b99-4260-4733-a4e9-2b80898b565f&D_7_d132fc29-acc6-42a9-be4d-01b52e924d16&M_7_ec40de57-6857-4830-af85-0a12577cc98a&M_7_203a78ae-2914-457b-a764-0e0fa8a5f132&M_7_ecbed2dc-e242-48fb-b154-aa0e1f8234a2&T_7_74e5bf73-fab4-474a-8acc-1aad6e070c35&T_7_c59e2b99-4260-4733-a4e9-2b80898b565f&T_7_d132fc29-acc6-42a9-be4d-01b52e924d16' type='text\/javascript'><\/script> <\/p>\n","protected":false},"author":101014,"featured_media":0,"parent":0,"menu_order":0,"comment_status":"open","ping_status":"open","template":"","meta":{"_et_pb_use_builder":"on","_et_pb_old_content":"","_et_gb_content_width":"","footnotes":""},"class_list":["post-733","page","type-page","status-publish","hentry"],"yoast_head":"<!-- This site is optimized with the Yoast SEO plugin v27.3 - https:\/\/yoast.com\/product\/yoast-seo-wordpress\/ -->\n<title>Fonvirtual Blog sector de las telecomunicaciones<\/title>\n<meta name=\"description\" content=\"Te lo contamos todo sobre call center, centralitas virtuales, n\u00fameros virtuales y telefon\u00eda IP WebRTC. Fonvirtual, soluciones para empresas.\" \/>\n<meta name=\"robots\" content=\"index, follow, max-snippet:-1, max-image-preview:large, max-video-preview:-1\" \/>\n<link rel=\"canonical\" href=\"https:\/\/fonvirtual.com\/blog\/\" \/>\n<meta property=\"og:locale\" content=\"es_ES\" \/>\n<meta property=\"og:type\" content=\"article\" \/>\n<meta property=\"og:title\" content=\"Fonvirtual Blog sector de las telecomunicaciones\" \/>\n<meta property=\"og:description\" content=\"Te lo contamos todo sobre call center, centralitas virtuales, n\u00fameros virtuales y telefon\u00eda IP WebRTC. Fonvirtual, soluciones para empresas.\" \/>\n<meta property=\"og:url\" content=\"https:\/\/fonvirtual.com\/blog\/\" \/>\n<meta property=\"og:site_name\" content=\"Fonvirtual Blog\" \/>\n<meta property=\"article:modified_time\" content=\"2025-12-05T11:22:35+00:00\" \/>\n<meta name=\"twitter:card\" content=\"summary_large_image\" \/>\n<meta name=\"twitter:label1\" content=\"Tiempo de lectura\" \/>\n\t<meta name=\"twitter:data1\" content=\"4 minutos\" \/>\n<!-- \/ Yoast SEO plugin. -->","yoast_head_json":{"title":"Fonvirtual Blog sector de las telecomunicaciones","description":"Te lo contamos todo sobre call center, centralitas virtuales, n\u00fameros virtuales y telefon\u00eda IP WebRTC. Fonvirtual, soluciones para empresas.","robots":{"index":"index","follow":"follow","max-snippet":"max-snippet:-1","max-image-preview":"max-image-preview:large","max-video-preview":"max-video-preview:-1"},"canonical":"https:\/\/fonvirtual.com\/blog\/","og_locale":"es_ES","og_type":"article","og_title":"Fonvirtual Blog sector de las telecomunicaciones","og_description":"Te lo contamos todo sobre call center, centralitas virtuales, n\u00fameros virtuales y telefon\u00eda IP WebRTC. Fonvirtual, soluciones para empresas.","og_url":"https:\/\/fonvirtual.com\/blog\/","og_site_name":"Fonvirtual Blog","article_modified_time":"2025-12-05T11:22:35+00:00","twitter_card":"summary_large_image","twitter_misc":{"Tiempo de lectura":"4 minutos"},"schema":{"@context":"https:\/\/schema.org","@graph":[{"@type":"WebPage","@id":"https:\/\/fonvirtual.com\/blog\/","url":"https:\/\/fonvirtual.com\/blog\/","name":"Fonvirtual Blog sector de las telecomunicaciones","isPartOf":{"@id":"https:\/\/fonvirtual.com\/blog\/#website"},"datePublished":"2014-09-22T16:08:17+00:00","dateModified":"2025-12-05T11:22:35+00:00","description":"Te lo contamos todo sobre call center, centralitas virtuales, n\u00fameros virtuales y telefon\u00eda IP WebRTC. Fonvirtual, soluciones para empresas.","breadcrumb":{"@id":"https:\/\/fonvirtual.com\/blog\/#breadcrumb"},"inLanguage":"es","potentialAction":[{"@type":"ReadAction","target":["https:\/\/fonvirtual.com\/blog\/"]}]},{"@type":"BreadcrumbList","@id":"https:\/\/fonvirtual.com\/blog\/#breadcrumb","itemListElement":[{"@type":"ListItem","position":1,"name":"Home","item":"https:\/\/fonvirtual.com\/blog\/"},{"@type":"ListItem","position":2,"name":"Blog"}]},{"@type":"WebSite","@id":"https:\/\/fonvirtual.com\/blog\/#website","url":"https:\/\/fonvirtual.com\/blog\/","name":"Fonvirtual Blog","description":"El blog corporativo de Fonvirtual.com","publisher":{"@id":"https:\/\/fonvirtual.com\/blog\/#organization"},"potentialAction":[{"@type":"SearchAction","target":{"@type":"EntryPoint","urlTemplate":"https:\/\/fonvirtual.com\/blog\/?s={search_term_string}"},"query-input":{"@type":"PropertyValueSpecification","valueRequired":true,"valueName":"search_term_string"}}],"inLanguage":"es"},{"@type":"Organization","@id":"https:\/\/fonvirtual.com\/blog\/#organization","name":"Fonvirtual.com","url":"https:\/\/fonvirtual.com\/blog\/","logo":{"@type":"ImageObject","inLanguage":"es","@id":"https:\/\/fonvirtual.com\/blog\/#\/schema\/logo\/image\/","url":"https:\/\/fonvirtual.com\/blog\/wp-content\/uploads\/Logo-2.png","contentUrl":"https:\/\/fonvirtual.com\/blog\/wp-content\/uploads\/Logo-2.png","width":300,"height":300,"caption":"Fonvirtual.com"},"image":{"@id":"https:\/\/fonvirtual.com\/blog\/#\/schema\/logo\/image\/"}}]}},"_links":{"self":[{"href":"https:\/\/fonvirtual.com\/blog\/wp-json\/wp\/v2\/pages\/733","targetHints":{"allow":["GET"]}}],"collection":[{"href":"https:\/\/fonvirtual.com\/blog\/wp-json\/wp\/v2\/pages"}],"about":[{"href":"https:\/\/fonvirtual.com\/blog\/wp-json\/wp\/v2\/types\/page"}],"author":[{"embeddable":true,"href":"https:\/\/fonvirtual.com\/blog\/wp-json\/wp\/v2\/users\/101014"}],"replies":[{"embeddable":true,"href":"https:\/\/fonvirtual.com\/blog\/wp-json\/wp\/v2\/comments?post=733"}],"version-history":[{"count":28,"href":"https:\/\/fonvirtual.com\/blog\/wp-json\/wp\/v2\/pages\/733\/revisions"}],"predecessor-version":[{"id":21830,"href":"https:\/\/fonvirtual.com\/blog\/wp-json\/wp\/v2\/pages\/733\/revisions\/21830"}],"wp:attachment":[{"href":"https:\/\/fonvirtual.com\/blog\/wp-json\/wp\/v2\/media?parent=733"}],"curies":[{"name":"wp","href":"https:\/\/api.w.org\/{rel}","templated":true}]}}