{"id":20088,"date":"2023-12-29T11:19:01","date_gmt":"2023-12-29T10:19:01","guid":{"rendered":"https:\/\/maroon-cobra-681026.hostingersite.com\/blog\/?page_id=20088"},"modified":"2024-06-28T09:47:37","modified_gmt":"2024-06-28T07:47:37","slug":"perfil-ana-lopez","status":"publish","type":"page","link":"https:\/\/fonvirtual.com\/blog\/perfil-ana-lopez\/","title":{"rendered":"Perfil de Ana L\u00f3pez"},"content":{"rendered":"<p>[et_pb_section fb_built=\u00bb1&#8243; _builder_version=\u00bb4.23.1&#8243; _module_preset=\u00bbdefault\u00bb global_colors_info=\u00bb{}\u00bb][et_pb_row column_structure=\u00bb1_2,1_2&#8243; _builder_version=\u00bb4.23.1&#8243; _module_preset=\u00bbdefault\u00bb global_colors_info=\u00bb{}\u00bb][et_pb_column type=\u00bb1_2&#8243; _builder_version=\u00bb4.23.1&#8243; _module_preset=\u00bbdefault\u00bb global_colors_info=\u00bb{}\u00bb][et_pb_image src=\u00bbhttps:\/\/fonvirtual.com\/blog\/wp-content\/uploads\/imagen-Ana-Lopez_perfil-e1703841896558.jpg\u00bb title_text=\u00bbimagen Ana L\u00f3pez_perfil\u00bb _builder_version=\u00bb4.24.0&#8243; _module_preset=\u00bbdefault\u00bb width=\u00bb71%\u00bb max_width=\u00bb68%\u00bb hover_enabled=\u00bb0&#8243; global_colors_info=\u00bb{}\u00bb alt=\u00bbAna L\u00f3pez_perfil\u00bb sticky_enabled=\u00bb0&#8243;][\/et_pb_image][\/et_pb_column][et_pb_column type=\u00bb1_2&#8243; _builder_version=\u00bb4.23.1&#8243; _module_preset=\u00bbdefault\u00bb global_colors_info=\u00bb{}\u00bb][et_pb_text _builder_version=\u00bb4.23.1&#8243; _module_preset=\u00bbdefault\u00bb custom_margin=\u00bb|||-150px||\u00bb custom_padding=\u00bb|||6px||\u00bb global_colors_info=\u00bb{}\u00bb]<\/p>\n<p>Blog \/ Autora &#8211; Ana L\u00f3pez<\/p>\n<p>[\/et_pb_text][et_pb_text _builder_version=\u00bb4.23.1&#8243; _module_preset=\u00bbdefault\u00bb custom_margin=\u00bb|||-144px||\u00bb global_colors_info=\u00bb{}\u00bb]<\/p>\n<h1>Ana L\u00f3pez<\/h1>\n<p>[\/et_pb_text][et_pb_text _builder_version=\u00bb4.23.1&#8243; _module_preset=\u00bbdefault\u00bb custom_margin=\u00bb|1px||-145px||\u00bb global_colors_info=\u00bb{}\u00bb]<\/p>\n<p style=\"text-align: justify;\"><span style=\"font-weight: 400;\">Ana L\u00f3pez es la <strong>Directora del Departamento de Marketing de Fonvirtual<\/strong>. <\/span><span style=\"font-size: 14px;\">Es una apasionada de la tecnolog\u00eda. Con la irrupci\u00f3n de la Inteligencias Artificial, y el sinf\u00edn de soluciones basadas en la misma, Ana est\u00e1 como una ni\u00f1a peque\u00f1a el d\u00eda de reyes. Este es otro de los factores que le unen a\u00fan m\u00e1s a Fonvirtual. Junto a esta pasi\u00f3n, est\u00e1 la escritura. N<\/span><span style=\"font-size: 14px;\">o pretende\u00a0 escribir un libro como una de las tres cosas que ha de hacer antes de morir<\/span><span style=\"font-size: 14px;\"> <\/span><span style=\"font-size: 14px;\">(como plantar un \u00e1rbol o tener un hijo), pero le gusta explicar las novedades en tecnolog\u00eda, c\u00f3mo funcionan o cu\u00e1les son sus ventajas y aplicaciones.<\/span><span style=\"font-size: 14px;\">\u00a0\u00a0<\/span><\/p>\n<p><span style=\"font-weight: 400;\"><\/span><\/p>\n<p style=\"text-align: justify;\">\n<p>[\/et_pb_text][et_pb_social_media_follow _builder_version=\u00bb4.23.1&#8243; _module_preset=\u00bbdefault\u00bb text_orientation=\u00bbright\u00bb width=\u00bb77.8%\u00bb custom_margin=\u00bb-45px|||-157px||\u00bb custom_padding=\u00bb|||643px||\u00bb locked=\u00bboff\u00bb global_colors_info=\u00bb{}\u00bb][et_pb_social_media_follow_network social_network=\u00bblinkedin\u00bb url=\u00bbhttps:\/\/www.linkedin.com\/in\/analopezgarcia\/\u00bb use_icon_font_size=\u00bbon\u00bb icon_font_size=\u00bb13px\u00bb _builder_version=\u00bb4.23.1&#8243; _module_preset=\u00bbdefault\u00bb background_color=\u00bb#007bb6&#8243; custom_button=\u00bbon\u00bb global_colors_info=\u00bb{}\u00bb follow_button=\u00bboff\u00bb url_new_window=\u00bbon\u00bb]linkedin[\/et_pb_social_media_follow_network][\/et_pb_social_media_follow][\/et_pb_column][\/et_pb_row][et_pb_row _builder_version=\u00bb4.16&#8243; custom_margin=\u00bb1px|auto||auto||\u00bb custom_padding=\u00bb||0px|||\u00bb locked=\u00bboff\u00bb global_colors_info=\u00bb{}\u00bb][et_pb_column type=\u00bb4_4&#8243; _builder_version=\u00bb4.16&#8243; custom_padding=\u00bb|||\u00bb global_colors_info=\u00bb{}\u00bb custom_padding__hover=\u00bb|||\u00bb][et_pb_text _builder_version=\u00bb4.23.1&#8243; text_text_color=\u00bb#f6343f\u00bb min_height=\u00bb25px\u00bb custom_padding=\u00bb||15px|||\u00bb global_colors_info=\u00bb{}\u00bb]<\/p>\n<h3 style=\"text-align: center;\"><span style=\"color: #000000;\">Art\u00edculos de Ana<\/span><\/h3>\n<p>[\/et_pb_text][et_pb_blog fullwidth=\u00bboff\u00bb posts_number=\u00bb9&#8243; include_categories=\u00bball\u00bb use_manual_excerpt=\u00bboff\u00bb excerpt_length=\u00bb0&#8243; show_author=\u00bboff\u00bb show_categories=\u00bboff\u00bb show_excerpt=\u00bboff\u00bb masonry_tile_background_color=\u00bb#ffffff\u00bb _builder_version=\u00bb4.23.1&#8243; header_font=\u00bb|600|||||||\u00bb header_text_align=\u00bbleft\u00bb header_font_size=\u00bb16px\u00bb body_font=\u00bb||||||||\u00bb body_text_align=\u00bbleft\u00bb body_font_size=\u00bb17px\u00bb read_more_font=\u00bb||on|||on|||\u00bb read_more_font_size=\u00bb18px\u00bb pagination_text_align=\u00bbright\u00bb pagination_font_size=\u00bb12px\u00bb text_orientation=\u00bbleft\u00bb width=\u00bb100%\u00bb min_height=\u00bb479.3px\u00bb custom_padding=\u00bb||0px|||\u00bb hover_transition_duration=\u00bb0ms\u00bb hover_transition_speed_curve=\u00bblinear\u00bb border_radii=\u00bbon|10px|10px|10px|10px\u00bb border_width_all=\u00bb0px\u00bb border_color_all_image=\u00bbRGBA(255,255,255,0)\u00bb box_shadow_style=\u00bbpreset1&#8243; box_shadow_spread=\u00bb-9px\u00bb global_colors_info=\u00bb{}\u00bb border_radii_image__hover_enabled=\u00bboff|desktop\u00bb][\/et_pb_blog][\/et_pb_column][\/et_pb_row][\/et_pb_section]<\/p>\n","protected":false},"excerpt":{"rendered":"<p>Blog \/ Autora &#8211; Ana L\u00f3pezAna L\u00f3pezAna L\u00f3pez es la Directora del Departamento de Marketing de Fonvirtual. Es una apasionada de la tecnolog\u00eda. Con la irrupci\u00f3n de la Inteligencias Artificial, y el sinf\u00edn de soluciones basadas en la misma, Ana est\u00e1 como una ni\u00f1a peque\u00f1a el d\u00eda de reyes. Este es otro de los factores [&hellip;]<\/p>\n","protected":false},"author":101014,"featured_media":0,"parent":0,"menu_order":0,"comment_status":"closed","ping_status":"closed","template":"","meta":{"_et_pb_use_builder":"on","_et_pb_old_content":"","_et_gb_content_width":"","footnotes":""},"class_list":["post-20088","page","type-page","status-publish","hentry"],"yoast_head":"<!-- This site is optimized with the Yoast SEO plugin v27.3 - https:\/\/yoast.com\/product\/yoast-seo-wordpress\/ -->\n<title>Perfil de Ana L\u00f3pez - Fonvirtual Blog<\/title>\n<meta name=\"description\" content=\"Ana L\u00f3pez es la Directora del Departamento de Marketing de Fonvirtual. Es una apasionada de la tecnolog\u00eda.\" \/>\n<meta name=\"robots\" content=\"index, follow, max-snippet:-1, max-image-preview:large, max-video-preview:-1\" \/>\n<link rel=\"canonical\" href=\"https:\/\/fonvirtual.com\/blog\/perfil-ana-lopez\/\" \/>\n<meta property=\"og:locale\" content=\"es_ES\" \/>\n<meta property=\"og:type\" content=\"article\" \/>\n<meta property=\"og:title\" content=\"Perfil de Ana L\u00f3pez - Fonvirtual Blog\" \/>\n<meta property=\"og:description\" content=\"Ana L\u00f3pez es la Directora del Departamento de Marketing de Fonvirtual. Es una apasionada de la tecnolog\u00eda.\" \/>\n<meta property=\"og:url\" content=\"https:\/\/fonvirtual.com\/blog\/perfil-ana-lopez\/\" \/>\n<meta property=\"og:site_name\" content=\"Fonvirtual Blog\" \/>\n<meta property=\"article:modified_time\" content=\"2024-06-28T07:47:37+00:00\" \/>\n<meta name=\"twitter:card\" content=\"summary_large_image\" \/>\n<meta name=\"twitter:label1\" content=\"Tiempo de lectura\" \/>\n\t<meta name=\"twitter:data1\" content=\"2 minutos\" \/>\n<!-- \/ Yoast SEO plugin. -->","yoast_head_json":{"title":"Perfil de Ana L\u00f3pez - Fonvirtual Blog","description":"Ana L\u00f3pez es la Directora del Departamento de Marketing de Fonvirtual. Es una apasionada de la tecnolog\u00eda.","robots":{"index":"index","follow":"follow","max-snippet":"max-snippet:-1","max-image-preview":"max-image-preview:large","max-video-preview":"max-video-preview:-1"},"canonical":"https:\/\/fonvirtual.com\/blog\/perfil-ana-lopez\/","og_locale":"es_ES","og_type":"article","og_title":"Perfil de Ana L\u00f3pez - Fonvirtual Blog","og_description":"Ana L\u00f3pez es la Directora del Departamento de Marketing de Fonvirtual. Es una apasionada de la tecnolog\u00eda.","og_url":"https:\/\/fonvirtual.com\/blog\/perfil-ana-lopez\/","og_site_name":"Fonvirtual Blog","article_modified_time":"2024-06-28T07:47:37+00:00","twitter_card":"summary_large_image","twitter_misc":{"Tiempo de lectura":"2 minutos"},"schema":{"@context":"https:\/\/schema.org","@graph":[{"@type":"WebPage","@id":"https:\/\/fonvirtual.com\/blog\/perfil-ana-lopez\/","url":"https:\/\/fonvirtual.com\/blog\/perfil-ana-lopez\/","name":"Perfil de Ana L\u00f3pez - Fonvirtual Blog","isPartOf":{"@id":"https:\/\/fonvirtual.com\/blog\/#website"},"datePublished":"2023-12-29T10:19:01+00:00","dateModified":"2024-06-28T07:47:37+00:00","description":"Ana L\u00f3pez es la Directora del Departamento de Marketing de Fonvirtual. Es una apasionada de la tecnolog\u00eda.","breadcrumb":{"@id":"https:\/\/fonvirtual.com\/blog\/perfil-ana-lopez\/#breadcrumb"},"inLanguage":"es","potentialAction":[{"@type":"ReadAction","target":["https:\/\/fonvirtual.com\/blog\/perfil-ana-lopez\/"]}]},{"@type":"BreadcrumbList","@id":"https:\/\/fonvirtual.com\/blog\/perfil-ana-lopez\/#breadcrumb","itemListElement":[{"@type":"ListItem","position":1,"name":"Home","item":"https:\/\/fonvirtual.com\/blog\/"},{"@type":"ListItem","position":2,"name":"Perfil de Ana L\u00f3pez"}]},{"@type":"WebSite","@id":"https:\/\/fonvirtual.com\/blog\/#website","url":"https:\/\/fonvirtual.com\/blog\/","name":"Fonvirtual Blog","description":"El blog corporativo de Fonvirtual.com","publisher":{"@id":"https:\/\/fonvirtual.com\/blog\/#organization"},"potentialAction":[{"@type":"SearchAction","target":{"@type":"EntryPoint","urlTemplate":"https:\/\/fonvirtual.com\/blog\/?s={search_term_string}"},"query-input":{"@type":"PropertyValueSpecification","valueRequired":true,"valueName":"search_term_string"}}],"inLanguage":"es"},{"@type":"Organization","@id":"https:\/\/fonvirtual.com\/blog\/#organization","name":"Fonvirtual.com","url":"https:\/\/fonvirtual.com\/blog\/","logo":{"@type":"ImageObject","inLanguage":"es","@id":"https:\/\/fonvirtual.com\/blog\/#\/schema\/logo\/image\/","url":"https:\/\/fonvirtual.com\/blog\/wp-content\/uploads\/Logo-2.png","contentUrl":"https:\/\/fonvirtual.com\/blog\/wp-content\/uploads\/Logo-2.png","width":300,"height":300,"caption":"Fonvirtual.com"},"image":{"@id":"https:\/\/fonvirtual.com\/blog\/#\/schema\/logo\/image\/"}}]}},"_links":{"self":[{"href":"https:\/\/fonvirtual.com\/blog\/wp-json\/wp\/v2\/pages\/20088","targetHints":{"allow":["GET"]}}],"collection":[{"href":"https:\/\/fonvirtual.com\/blog\/wp-json\/wp\/v2\/pages"}],"about":[{"href":"https:\/\/fonvirtual.com\/blog\/wp-json\/wp\/v2\/types\/page"}],"author":[{"embeddable":true,"href":"https:\/\/fonvirtual.com\/blog\/wp-json\/wp\/v2\/users\/101014"}],"replies":[{"embeddable":true,"href":"https:\/\/fonvirtual.com\/blog\/wp-json\/wp\/v2\/comments?post=20088"}],"version-history":[{"count":11,"href":"https:\/\/fonvirtual.com\/blog\/wp-json\/wp\/v2\/pages\/20088\/revisions"}],"predecessor-version":[{"id":20534,"href":"https:\/\/fonvirtual.com\/blog\/wp-json\/wp\/v2\/pages\/20088\/revisions\/20534"}],"wp:attachment":[{"href":"https:\/\/fonvirtual.com\/blog\/wp-json\/wp\/v2\/media?parent=20088"}],"curies":[{"name":"wp","href":"https:\/\/api.w.org\/{rel}","templated":true}]}}